{"id":881,"date":"2026-03-05T01:35:31","date_gmt":"2026-03-05T01:35:31","guid":{"rendered":"https:\/\/myschool.ch\/?page_id=881"},"modified":"2026-04-08T20:56:24","modified_gmt":"2026-04-08T20:56:24","slug":"rolf-mueller","status":"publish","type":"page","link":"https:\/\/myschool.ch\/index.php\/rolf-mueller\/","title":{"rendered":"Rolf M\u00fcller"},"content":{"rendered":"<div class=\"wpb-content-wrapper\">[vc_row][vc_column width=&#8221;2\/6&#8243;][vc_empty_space][vc_single_image image=&#8221;1100&#8243; img_size=&#8221;large&#8221; css=&#8221;&#8221;][vc_separator border_width=&#8221;5&#8243; css=&#8221;&#8221;][vc_empty_space height=&#8221;18&#8243;][vc_column_text css=&#8221;&#8221;]\n<h6>Rolf M\u00fcller | Partner<\/h6>\n[\/vc_column_text][vc_empty_space height=&#8221;4&#8243;][vc_column_text css=&#8221;&#8221;]Organisations- und F\u00fchrungsentwicklung, Nutzungskonzepte, Ausbildungskonzepte, Marketing-Konzepte und Umsetzung[\/vc_column_text][vc_empty_space height=&#8221;10&#8243;][vc_separator border_width=&#8221;5&#8243; css=&#8221;&#8221;][vc_empty_space height=&#8221;16&#8243;][vc_column_text css=&#8221;&#8221;]email | <span class=\"pep-email\">rolf.mueller(Replace this parenthesis with the @ sign)slc-logistic.ch<\/span><br \/>\nmobile | +41 78 737 28 50[\/vc_column_text][vc_separator border_width=&#8221;5&#8243; css=&#8221;&#8221;][vc_empty_space height=&#8221;18&#8243;][vc_column_text css=&#8221;&#8221;]<div class=\"carousel-slider-outer carousel-slider-outer-image-carousel carousel-slider-outer-1051\" style=\"--carousel-slider-nav-color:rgb(102,153,204);--carousel-slider-active-nav-color:rgb(109,109,109);--carousel-slider-arrow-size:48px;--carousel-slider-bullet-size:10px\">\n<div id=\"&#039;id-1051\" class=\"carousel-slider carousel-slider-1051 arrows-visibility-always dots-visibility-never arrows-inside dots-center dots-circle owl-carousel\" data-slide-type=\"image-carousel\" data-owl-settings='{\"nav\":true,\"dots\":false,\"slideBy\":1,\"stagePadding\":0,\"margin\":7,\"loop\":true,\"lazyLoad\":false,\"autoplay\":true,\"autoplayTimeout\":5000,\"autoplaySpeed\":500,\"autoplayHoverPause\":true,\"autoWidth\":true,\"responsive\":{\"300\":{\"items\":1},\"576\":{\"items\":2},\"768\":{\"items\":2},\"1024\":{\"items\":3},\"1280\":{\"items\":4},\"1536\":{\"items\":5}}}'>\n<div class=\"carousel-slider__item\">\n\t<a href=\"https:\/\/myschool.ch\/index.php\/andreas-staeheli\/\" target=\"_self\"><img decoding=\"async\" width=\"150\" height=\"150\" src=\"https:\/\/myschool.ch\/wp-content\/uploads\/2026\/04\/J_Andreas-Staeheli_03-150x150.jpg\" class=\"attachment-thumbnail size-thumbnail\" alt=\"\" srcset=\"https:\/\/myschool.ch\/wp-content\/uploads\/2026\/04\/J_Andreas-Staeheli_03-150x150.jpg 150w, https:\/\/myschool.ch\/wp-content\/uploads\/2026\/04\/J_Andreas-Staeheli_03-300x300.jpg 300w, https:\/\/myschool.ch\/wp-content\/uploads\/2026\/04\/J_Andreas-Staeheli_03.jpg 450w\" sizes=\"(max-width: 150px) 100vw, 150px\" \/><div class=\"carousel-slider__caption\"><p class=\"caption\">Andreas St\u00e4heli<\/p><\/div><\/a><\/div>\n\n<div class=\"carousel-slider__item\">\n\t<a href=\"https:\/\/myschool.ch\/index.php\/carlos-methner\/\" target=\"_self\"><img decoding=\"async\" width=\"150\" height=\"150\" src=\"https:\/\/myschool.ch\/wp-content\/uploads\/2026\/04\/J_Carlos-Methner_03-150x150.jpg\" class=\"attachment-thumbnail size-thumbnail\" alt=\"\" srcset=\"https:\/\/myschool.ch\/wp-content\/uploads\/2026\/04\/J_Carlos-Methner_03-150x150.jpg 150w, https:\/\/myschool.ch\/wp-content\/uploads\/2026\/04\/J_Carlos-Methner_03-300x300.jpg 300w, https:\/\/myschool.ch\/wp-content\/uploads\/2026\/04\/J_Carlos-Methner_03.jpg 450w\" sizes=\"(max-width: 150px) 100vw, 150px\" \/><div class=\"carousel-slider__caption\"><p class=\"caption\">Carlos Methner<\/p><\/div><\/a><\/div>\n\n<div class=\"carousel-slider__item\">\n\t<a href=\"https:\/\/myschool.ch\/index.php\/christian-pestalozzi\/\" target=\"_self\"><img decoding=\"async\" width=\"150\" height=\"150\" src=\"https:\/\/myschool.ch\/wp-content\/uploads\/2026\/04\/J_Christian_Pestalozzi_03-150x150.jpg\" class=\"attachment-thumbnail size-thumbnail\" alt=\"\" srcset=\"https:\/\/myschool.ch\/wp-content\/uploads\/2026\/04\/J_Christian_Pestalozzi_03-150x150.jpg 150w, https:\/\/myschool.ch\/wp-content\/uploads\/2026\/04\/J_Christian_Pestalozzi_03-300x300.jpg 300w, https:\/\/myschool.ch\/wp-content\/uploads\/2026\/04\/J_Christian_Pestalozzi_03.jpg 450w\" sizes=\"(max-width: 150px) 100vw, 150px\" \/><div class=\"carousel-slider__caption\"><p class=\"caption\">Christian Pestalozzi<\/p><\/div><\/a><\/div>\n\n<div class=\"carousel-slider__item\">\n\t<a href=\"https:\/\/myschool.ch\/index.php\/christian-aeschlimann\/\" target=\"_self\"><img loading=\"lazy\" decoding=\"async\" width=\"150\" height=\"150\" src=\"https:\/\/myschool.ch\/wp-content\/uploads\/2026\/04\/J_Christian-Aeschliman_03-150x150.jpg\" class=\"attachment-thumbnail size-thumbnail\" alt=\"\" srcset=\"https:\/\/myschool.ch\/wp-content\/uploads\/2026\/04\/J_Christian-Aeschliman_03-150x150.jpg 150w, https:\/\/myschool.ch\/wp-content\/uploads\/2026\/04\/J_Christian-Aeschliman_03-300x300.jpg 300w, https:\/\/myschool.ch\/wp-content\/uploads\/2026\/04\/J_Christian-Aeschliman_03.jpg 450w\" sizes=\"(max-width: 150px) 100vw, 150px\" \/><div class=\"carousel-slider__caption\"><p class=\"caption\">Christian Aeschliman<\/p><\/div><\/a><\/div>\n\n<div class=\"carousel-slider__item\">\n\t<a href=\"https:\/\/myschool.ch\/index.php\/christian-merkel\/\" target=\"_self\"><img loading=\"lazy\" decoding=\"async\" width=\"150\" height=\"150\" src=\"https:\/\/myschool.ch\/wp-content\/uploads\/2026\/04\/J_Christian-Merkel_03-150x150.jpg\" class=\"attachment-thumbnail size-thumbnail\" alt=\"\" srcset=\"https:\/\/myschool.ch\/wp-content\/uploads\/2026\/04\/J_Christian-Merkel_03-150x150.jpg 150w, https:\/\/myschool.ch\/wp-content\/uploads\/2026\/04\/J_Christian-Merkel_03-300x300.jpg 300w, https:\/\/myschool.ch\/wp-content\/uploads\/2026\/04\/J_Christian-Merkel_03.jpg 450w\" sizes=\"(max-width: 150px) 100vw, 150px\" \/><div class=\"carousel-slider__caption\"><p class=\"caption\">Christian Merkel<\/p><\/div><\/a><\/div>\n\n<div class=\"carousel-slider__item\">\n\t<a href=\"https:\/\/myschool.ch\/index.php\/christoph-ernst\/\" target=\"_self\"><img loading=\"lazy\" decoding=\"async\" width=\"150\" height=\"150\" src=\"https:\/\/myschool.ch\/wp-content\/uploads\/2026\/04\/J_Christoph-Ernst_02-150x150.jpg\" class=\"attachment-thumbnail size-thumbnail\" alt=\"\" srcset=\"https:\/\/myschool.ch\/wp-content\/uploads\/2026\/04\/J_Christoph-Ernst_02-150x150.jpg 150w, https:\/\/myschool.ch\/wp-content\/uploads\/2026\/04\/J_Christoph-Ernst_02-300x300.jpg 300w, https:\/\/myschool.ch\/wp-content\/uploads\/2026\/04\/J_Christoph-Ernst_02.jpg 450w\" sizes=\"(max-width: 150px) 100vw, 150px\" \/><div class=\"carousel-slider__caption\"><p class=\"caption\">Christoph Ernst<\/p><\/div><\/a><\/div>\n\n<div class=\"carousel-slider__item\">\n\t<a href=\"https:\/\/myschool.ch\/index.php\/rolf-mueller\/\" target=\"_self\"><img loading=\"lazy\" decoding=\"async\" width=\"150\" height=\"150\" src=\"https:\/\/myschool.ch\/wp-content\/uploads\/2026\/04\/J_Rolf-Mueller_03-150x150.jpg\" class=\"attachment-thumbnail size-thumbnail\" alt=\"\" srcset=\"https:\/\/myschool.ch\/wp-content\/uploads\/2026\/04\/J_Rolf-Mueller_03-150x150.jpg 150w, https:\/\/myschool.ch\/wp-content\/uploads\/2026\/04\/J_Rolf-Mueller_03-300x300.jpg 300w, https:\/\/myschool.ch\/wp-content\/uploads\/2026\/04\/J_Rolf-Mueller_03.jpg 450w\" sizes=\"(max-width: 150px) 100vw, 150px\" \/><div class=\"carousel-slider__caption\"><p class=\"caption\">Rolf M\u00fcller<\/p><\/div><\/a><\/div>\n\n<div class=\"carousel-slider__item\">\n\t<a href=\"https:\/\/myschool.ch\/index.php\/werner-hagist\/\" target=\"_self\"><img loading=\"lazy\" decoding=\"async\" width=\"150\" height=\"150\" src=\"https:\/\/myschool.ch\/wp-content\/uploads\/2026\/04\/J_Werner-Hagist_03-150x150.jpg\" class=\"attachment-thumbnail size-thumbnail\" alt=\"\" srcset=\"https:\/\/myschool.ch\/wp-content\/uploads\/2026\/04\/J_Werner-Hagist_03-150x150.jpg 150w, https:\/\/myschool.ch\/wp-content\/uploads\/2026\/04\/J_Werner-Hagist_03-300x300.jpg 300w, https:\/\/myschool.ch\/wp-content\/uploads\/2026\/04\/J_Werner-Hagist_03.jpg 450w\" sizes=\"(max-width: 150px) 100vw, 150px\" \/><div class=\"carousel-slider__caption\"><p class=\"caption\">Werner Hagist<\/p><\/div><\/a><\/div>\n\n<\/div><!-- .carousel-slider-1051 -->\n<\/div><!-- .carousel-slider-outer-1051 -->\n[\/vc_column_text][\/vc_column][vc_column width=&#8221;2\/6&#8243;][vc_empty_space][vc_column_text css=&#8221;&#8221;]\n<h6>Ausbildung<\/h6>\n<p>Eidg.Dipl.Marketingleiter \/ Ingenieurschule Biel<\/p>\n<h6>Berufliche T\u00e4tigkeit\/Laufbahn<\/h6>\n<p>Tiefbauamt der Stadt Bern, Betrieb und Unterhalt, , Leiter Strassenreinigung und Winterdienst, PRIVERA AG, Leiter Center Management Schweiz, SBB AG \/ Immobilien , Centerleiter Z\u00fcrich Hauptbahnhof, MIGROS Aare \/ Einkaufscenter Shoppyland, Leiter Centermanagement \/ Centerleiter, Bielersee-Schifffahrts-Gesellschaft AG , Verkaufsleiter (Marketing) \u2013 Stv. Gesch\u00e4ftsf\u00fchrer, www.yachtchartermuller.ch, Motor- und Segelyachtcharter<\/p>\n<h6>Beratungst\u00e4tigkeit und Kernkompetenzen<\/h6>\n<p>Breite Erfahrung in Betriebsf\u00fchrung im politischen und \u00f6ffentlichen Umfeld. Projekte in Organisations- und F\u00fchrungsentwicklung, Innovation, Selbstorganisation und Kulturwandel, Interim- und VR-Management. Erstellung Nutzungskonzepte, Arealentwicklungen oder Standortevaluation sowie Bauherrenvertretung. Erstellen von Betriebs-, Winterdienst- und Pikett-Konzepte sowie Warenlogistik, Infrastruktur und Betrieb von Anlieferungen und Entsorgungsstellen.<br \/>\nAufbau von Ausbildungskonzept und Massnahmen, Erstellen von Marketing-Konzept und Umsetzung.[\/vc_column_text][\/vc_column][\/vc_row]\n<\/div>","protected":false},"excerpt":{"rendered":"<p>[vc_row][vc_column width=&#8221;2\/6&#8243;][vc_empty_space][vc_single_image image=&#8221;1100&#8243; img_size=&#8221;large&#8221; css=&#8221;&#8221;][vc_separator border_width=&#8221;5&#8243; css=&#8221;&#8221;][vc_empty_space height=&#8221;18&#8243;][vc_column_text css=&#8221;&#8221;] Rolf M\u00fcller | Partner [\/vc_column_text][vc_empty_space height=&#8221;4&#8243;][vc_column_text css=&#8221;&#8221;]Organisations- und F\u00fchrungsentwicklung, Nutzungskonzepte, Ausbildungskonzepte, Marketing-Konzepte und Umsetzung[\/vc_column_text][vc_empty_space height=&#8221;10&#8243;][vc_separator border_width=&#8221;5&#8243;&#8230;<\/p>\n","protected":false},"author":1,"featured_media":0,"parent":0,"menu_order":0,"comment_status":"closed","ping_status":"closed","template":"","meta":{"footnotes":"","_links_to":"","_links_to_target":""},"class_list":["post-881","page","type-page","status-publish","hentry"],"_links":{"self":[{"href":"https:\/\/myschool.ch\/index.php\/wp-json\/wp\/v2\/pages\/881","targetHints":{"allow":["GET"]}}],"collection":[{"href":"https:\/\/myschool.ch\/index.php\/wp-json\/wp\/v2\/pages"}],"about":[{"href":"https:\/\/myschool.ch\/index.php\/wp-json\/wp\/v2\/types\/page"}],"author":[{"embeddable":true,"href":"https:\/\/myschool.ch\/index.php\/wp-json\/wp\/v2\/users\/1"}],"replies":[{"embeddable":true,"href":"https:\/\/myschool.ch\/index.php\/wp-json\/wp\/v2\/comments?post=881"}],"version-history":[{"count":7,"href":"https:\/\/myschool.ch\/index.php\/wp-json\/wp\/v2\/pages\/881\/revisions"}],"predecessor-version":[{"id":883,"href":"https:\/\/myschool.ch\/index.php\/wp-json\/wp\/v2\/pages\/881\/revisions\/883"}],"wp:attachment":[{"href":"https:\/\/myschool.ch\/index.php\/wp-json\/wp\/v2\/media?parent=881"}],"curies":[{"name":"wp","href":"https:\/\/api.w.org\/{rel}","templated":true}]}}