{"id":653,"date":"2026-02-02T20:59:04","date_gmt":"2026-02-02T20:59:04","guid":{"rendered":"https:\/\/myschool.ch\/?page_id=653"},"modified":"2026-03-05T20:45:33","modified_gmt":"2026-03-05T20:45:33","slug":"gefahrengut","status":"publish","type":"page","link":"https:\/\/myschool.ch\/index.php\/gefahrengut\/","title":{"rendered":"Gefahrengut"},"content":{"rendered":"<div class=\"wpb-content-wrapper\">[vc_row][vc_column][vc_column_text css=&#8221;&#8221;]\n<h6>Angebot<\/h6>\n<p>Im Bereich Gefahrgut und Gefahrstoffe unterst\u00fctzt SLC Unternehmen umfassend bei der sicheren und rechtskonformen Handhabung, Lagerung und dem Transport gef\u00e4hrlicher G\u00fcter und Stoffe. SLC ber\u00e4t bei der Auslegung nationaler und internationaler Gefahrgutvorschriften und Konventionen und begleitet Betriebe insbesondere beim Transport von Chemikalien \u00fcber alle Transportmodi hinweg \u2013 lokal, regional und international.<br \/>\nZum Leistungsangebot geh\u00f6ren Inspektionen an Standorten und Lagern zur \u00dcberpr\u00fcfung von Kennzeichnung, Verpackung, Lagerung und Transport sowie die Durchf\u00fchrung von Audits bei Gefahrgut-Spediteuren inklusive Auditprotokoll und Nachverfolgung der vereinbarten Massnahmen. Dar\u00fcber hinaus organisiert SLC Gefahrgut-Schulungen und Sensibilisierungskurse f\u00fcr Management und Mitarbeitende, beurteilt die korrekte Transportklassifizierung und unterst\u00fctzt Unternehmen bei der Implementierung des GHS-Systems, einschliesslich Sicherheitsdatenbl\u00e4ttern und Etiketten. Erg\u00e4nzend entwickelt SLC Konzepte zur Umsetzung neuer Regulierungen, begleitet deren Einf\u00fchrung und schult das Personal in der korrekten Interpretation von GHS-Symbolen und Verhaltensanweisungen \u2013 f\u00fcr maximale Sicherheit und Compliance.<\/p>\n<p>&nbsp;<\/p>\n<h6><a href=\"https:\/\/myschool.ch\/index.php\/maerkte\/\">Zielgruppen<\/a><\/h6>\n<p>&nbsp;<\/p>\n<h6><a href=\"https:\/\/myschool.ch\/index.php\/kunden\/\">Referenzen<\/a><\/h6>\n<p>Basler Chemische Industrie<br \/>\nGefahrgutforum Schweiz<br \/>\nForum Romandie-Marchandises Dangereuses<br \/>\nBASF<br \/>\nGivaudan International SA<\/p>\n<p>&nbsp;<\/p>\n<h6>Zust\u00e4ndige Personen<\/h6>\n<p><a href=\"https:\/\/myschool.ch\/index.php\/pascal-gerster\/\">Pascal Gerster<\/a><\/p>\n<ul>\n<li class=\"notranslate\" style=\"border-block: initial; border-inline: initial; border-start-start-radius: initial; border-start-end-radius: initial; border-end-start-radius: initial; border-end-end-radius: initial; overflow-block: initial; overflow-inline: initial; overscroll-behavior-block: initial; overscroll-behavior-inline: initial; margin-block: initial; margin-inline: initial; scroll-margin-block: initial; scroll-margin-inline: initial; padding-block: initial; padding-inline: initial; scroll-padding-block: initial; scroll-padding-inline: initial; inset-block: initial; inset-inline: initial; block-size: initial; min-block-size: initial; max-block-size: initial; inline-size: initial; min-inline-size: initial; max-inline-size: initial; contain-intrinsic-block-size: initial; contain-intrinsic-inline-size: initial; background: initial; background-blend-mode: initial; border: initial; border-radius: initial; box-decoration-break: initial; -moz-float-edge: initial; display: initial; position: initial; anchor-name: initial; anchor-scope: initial; float: initial; clear: initial; vertical-align: initial; baseline-source: initial; overflow: initial; overflow-anchor: initial; transform: initial; rotate: initial; scale: initial; translate: initial; offset: initial; scroll-behavior: initial; scroll-snap-align: initial; scroll-snap-type: initial; scroll-snap-stop: initial; overscroll-behavior: initial; isolation: initial; break-after: initial; break-before: initial; break-inside: initial; resize: initial; perspective: initial; perspective-origin: initial; backface-visibility: initial; transform-box: initial; transform-style: initial; transform-origin: initial; contain: initial; content-visibility: initial; container: initial; appearance: initial; -moz-orient: initial; will-change: initial; shape-image-threshold: initial; shape-margin: initial; shape-outside: initial; touch-action: initial; -webkit-line-clamp: initial; scrollbar-gutter: initial; zoom: initial; columns: initial; column-fill: initial; column-rule: initial; column-span: initial; content: initial; counter-increment: initial; counter-reset: initial; counter-set: initial; opacity: initial; box-shadow: initial; clip: initial; filter: initial; backdrop-filter: initial; mix-blend-mode: initial; font: initial; font-synthesis: initial; font-palette: initial; math-depth: initial; math-style: initial; math-shift: initial; -moz-osx-font-smoothing: initial; visibility: initial; writing-mode: initial; text-orientation: initial; print-color-adjust: initial; image-rendering: initial; image-orientation: initial; dominant-baseline: initial; text-anchor: initial; color-interpolation: initial; color-interpolation-filters: initial; fill: initial; fill-opacity: initial; fill-rule: initial; shape-rendering: initial; stroke: initial; stroke-width: initial; stroke-linecap: initial; stroke-linejoin: initial; stroke-miterlimit: initial; stroke-opacity: initial; stroke-dasharray: initial; stroke-dashoffset: initial; clip-rule: initial; marker: initial; paint-order: initial; border-collapse: initial; empty-cells: initial; caption-side: initial; border-spacing: initial; color: initial; text-transform: initial; hyphens: initial; -moz-text-size-adjust: initial; text-indent: initial; overflow-wrap: initial; word-break: initial; text-justify: initial; text-align-last: initial; text-align: initial; letter-spacing: initial; word-spacing: initial; white-space: initial; text-autospace: initial; text-shadow: initial; text-emphasis: initial; text-emphasis-position: initial; tab-size: initial; line-break: initial; -webkit-text-fill-color: initial; -webkit-text-stroke: initial; ruby-align: initial; ruby-position: initial; text-combine-upright: initial; text-rendering: initial; text-underline-offset: initial; text-underline-position: initial; text-decoration-skip-ink: initial; hyphenate-character: initial; forced-color-adjust: initial; -webkit-text-security: initial; hyphenate-limit-chars: initial; text-wrap: initial; cursor: initial; pointer-events: initial; caret-color: initial; accent-color: initial; color-scheme: initial; scrollbar-color: initial; list-style: initial; quotes: initial; overflow-clip-margin: initial; scroll-margin: initial; outline: initial; outline-offset: initial; scroll-padding: initial; page: initial; inset: initial; z-index: initial; flex-flow: initial; place-content: initial; place-items: initial; flex: initial; place-self: initial; order: initial; height: initial; min-height: initial; max-height: initial; width: initial; min-width: initial; max-width: initial; position-anchor: initial; position-area: initial; position-visibility: initial; position-try: initial; box-sizing: initial; object-fit: initial; object-position: initial; grid-area: initial; grid: initial; gap: initial; aspect-ratio: initial; contain-intrinsic-size: initial; vector-effect: initial; stop-color: initial; stop-opacity: initial; flood-color: initial; flood-opacity: initial; lighting-color: initial; mask-type: initial; clip-path: initial; mask: initial; x: initial; y: initial; cx: initial; cy: initial; rx: initial; ry: initial; r: initial; d: initial; table-layout: initial; text-overflow: initial; text-decoration: initial; text-decoration-inset: initial; ime-mode: initial; scrollbar-width: initial; user-select: initial; -moz-force-broken-image-icon: initial; transition: initial; animation: initial; animation-composition: initial; view-transition-name: initial; view-transition-class: initial; -moz-box-align: initial; -moz-box-direction: initial; -moz-box-flex: initial; -moz-box-orient: initial; -moz-box-pack: initial; -moz-box-ordinal-group: initial;\"><\/li>\n<\/ul>\n[\/vc_column_text][\/vc_column][\/vc_row]\n<\/div>","protected":false},"excerpt":{"rendered":"<p>[vc_row][vc_column][vc_column_text css=&#8221;&#8221;] Angebot Im Bereich Gefahrgut und Gefahrstoffe unterst\u00fctzt SLC Unternehmen umfassend bei der sicheren und rechtskonformen Handhabung, Lagerung und dem Transport gef\u00e4hrlicher G\u00fcter und&#8230;<\/p>\n","protected":false},"author":1,"featured_media":0,"parent":0,"menu_order":0,"comment_status":"closed","ping_status":"closed","template":"","meta":{"footnotes":"","_links_to":"","_links_to_target":""},"class_list":["post-653","page","type-page","status-publish","hentry"],"_links":{"self":[{"href":"https:\/\/myschool.ch\/index.php\/wp-json\/wp\/v2\/pages\/653","targetHints":{"allow":["GET"]}}],"collection":[{"href":"https:\/\/myschool.ch\/index.php\/wp-json\/wp\/v2\/pages"}],"about":[{"href":"https:\/\/myschool.ch\/index.php\/wp-json\/wp\/v2\/types\/page"}],"author":[{"embeddable":true,"href":"https:\/\/myschool.ch\/index.php\/wp-json\/wp\/v2\/users\/1"}],"replies":[{"embeddable":true,"href":"https:\/\/myschool.ch\/index.php\/wp-json\/wp\/v2\/comments?post=653"}],"version-history":[{"count":8,"href":"https:\/\/myschool.ch\/index.php\/wp-json\/wp\/v2\/pages\/653\/revisions"}],"predecessor-version":[{"id":904,"href":"https:\/\/myschool.ch\/index.php\/wp-json\/wp\/v2\/pages\/653\/revisions\/904"}],"wp:attachment":[{"href":"https:\/\/myschool.ch\/index.php\/wp-json\/wp\/v2\/media?parent=653"}],"curies":[{"name":"wp","href":"https:\/\/api.w.org\/{rel}","templated":true}]}}