{"id":649,"date":"2026-02-02T20:57:51","date_gmt":"2026-02-02T20:57:51","guid":{"rendered":"https:\/\/myschool.ch\/?page_id=649"},"modified":"2026-04-09T03:41:11","modified_gmt":"2026-04-09T03:41:11","slug":"ad-interim-fuehrung-projektleitung","status":"publish","type":"page","link":"https:\/\/myschool.ch\/index.php\/ad-interim-fuehrung-projektleitung\/","title":{"rendered":"Ad interim F\u00fchrung \/ Projektleitung"},"content":{"rendered":"<div class=\"wpb-content-wrapper\">[vc_row][vc_column][vc_column_text css=&#8221;&#8221;]\n<h6>Angebot<\/h6>\n<p>Ben\u00f6tigen Sie eine sofortig verf\u00fcgbare, erfahrene und kompetente F\u00fchrungskraft, um Ihr Unternehmen durch eine \u00dcbergangsphase zu navigieren? Oder ein Projekt zu starten, im n\u00e4chsten Prozessschritt zu begleiten oder die Inbetriebnahme sicherzustellen?<br \/>\nAls ad interim F\u00fchrungskraft bieten wir uns Ihnen genau das: fundierte Expertise, schnelle Anpassungsf\u00e4higkeit und zielgerichtete Ergebnisse. Mit unserer umfangreichen Erfahrung sorgen wir daf\u00fcr, dass Ihr Gesch\u00e4ft, Prozess oder Projekt nahtlos weiterl\u00e4uft, um in herausfordernden Zeiten Stabilit\u00e4t und Fortschritt zu gew\u00e4hrleisten.<br \/>\nMit unserer umfassenden Erfahrung im Projektmanagement realisieren wir Ihre Projekte effizient, termingerecht und kostenbewusst. Wir schaffen klare Strukturen und sorgen f\u00fcr eine reibungslose Umsetzung von der Planung bis zum Abschluss. Als f\u00fchrungserfahrene Projektleiter handeln wir pragmatisch, innovativ und teamorientiert \u2013 f\u00fcr das sichere Erreichen Ihrer Ziele und nachhaltigen Erfolg.<\/p>\n<h6><\/h6>\n<p>&nbsp;<\/p>\n<h6><a href=\"https:\/\/myschool.ch\/index.php\/maerkte\/\">Zielgruppen<\/a><\/h6>\n<p>Finanzdienstleister, Transport- und Verzollungsunternehmen<br \/>\nInvestoren, Bauherren, Bauunternehmen<br \/>\nIndustrie- und Handelsunternehmen aus allen Branchen<\/p>\n<p>&nbsp;<\/p>\n<h6><a href=\"https:\/\/myschool.ch\/index.php\/kunden\/\">Referenzen<\/a><\/h6>\n<p>SBB<br \/>\nMigros, Shoppyland Sch\u00f6nb\u00fchl<br \/>\nValora<br \/>\nRegion Schwarzsee-Sense<br \/>\nHIAG<br \/>\nLancy Porte Sud<br \/>\nBasellandschaftliche Geb\u00e4udeversicherung<\/p>\n<p>&nbsp;<\/p>\n<h6>Zust\u00e4ndige Personen<\/h6>\n[\/vc_column_text][vc_empty_space height=&#8221;24px&#8221;][\/vc_column][\/vc_row][vc_row][vc_column width=&#8221;1\/6&#8243;][vc_single_image image=&#8221;1126&#8243; alignment=&#8221;center&#8221; onclick=&#8221;custom_link&#8221; css=&#8221;&#8221; link=&#8221;https:\/\/myschool.ch\/index.php\/christian-aeschlimann\/&#8221;][vc_column_text css=&#8221;&#8221;]\n<p style=\"text-align: center;\"><a href=\"https:\/\/myschool.ch\/index.php\/christian-aeschlimann\/\">Christian Aeschlimann<\/a><\/p>\n[\/vc_column_text][\/vc_column][vc_column width=&#8221;1\/6&#8243;][vc_single_image image=&#8221;1128&#8243; alignment=&#8221;center&#8221; onclick=&#8221;custom_link&#8221; css=&#8221;&#8221; link=&#8221;https:\/\/myschool.ch\/index.php\/christian-merkel\/&#8221;][vc_column_text css=&#8221;&#8221;]\n<p style=\"text-align: center;\"><a href=\"https:\/\/myschool.ch\/index.php\/rolf-mueller\/\">Rolf M\u00fcller<\/a><\/p>\n[\/vc_column_text][\/vc_column][vc_column width=&#8221;1\/6&#8243;][vc_single_image image=&#8221;1125&#8243; alignment=&#8221;center&#8221; onclick=&#8221;custom_link&#8221; css=&#8221;&#8221; link=&#8221;https:\/\/myschool.ch\/index.php\/rolf-mueller\/&#8221;][vc_column_text css=&#8221;&#8221;]\n<p style=\"text-align: center;\"><a href=\"https:\/\/myschool.ch\/index.php\/christian-merkel\/\">Christian Merkel<\/a><\/p>\n[\/vc_column_text][\/vc_column][vc_column width=&#8221;1\/6&#8243;][vc_single_image image=&#8221;1127&#8243; alignment=&#8221;center&#8221; onclick=&#8221;custom_link&#8221; css=&#8221;&#8221; link=&#8221;https:\/\/myschool.ch\/index.php\/christian-pestalozzi\/&#8221;][vc_column_text css=&#8221;&#8221;]\n<p style=\"text-align: center;\"><a href=\"https:\/\/myschool.ch\/index.php\/christian-pestalozzi\/\">Christian Pestalozzi<\/a><\/p>\n[\/vc_column_text][\/vc_column][vc_column width=&#8221;1\/6&#8243;][\/vc_column][vc_column width=&#8221;1\/6&#8243;][\/vc_column][\/vc_row]\n<\/div>","protected":false},"excerpt":{"rendered":"<p>[vc_row][vc_column][vc_column_text css=&#8221;&#8221;] Angebot Ben\u00f6tigen Sie eine sofortig verf\u00fcgbare, erfahrene und kompetente F\u00fchrungskraft, um Ihr Unternehmen durch eine \u00dcbergangsphase zu navigieren? Oder ein Projekt zu starten,&#8230;<\/p>\n","protected":false},"author":1,"featured_media":0,"parent":0,"menu_order":0,"comment_status":"closed","ping_status":"closed","template":"","meta":{"footnotes":"","_links_to":"","_links_to_target":""},"class_list":["post-649","page","type-page","status-publish","hentry"],"_links":{"self":[{"href":"https:\/\/myschool.ch\/index.php\/wp-json\/wp\/v2\/pages\/649","targetHints":{"allow":["GET"]}}],"collection":[{"href":"https:\/\/myschool.ch\/index.php\/wp-json\/wp\/v2\/pages"}],"about":[{"href":"https:\/\/myschool.ch\/index.php\/wp-json\/wp\/v2\/types\/page"}],"author":[{"embeddable":true,"href":"https:\/\/myschool.ch\/index.php\/wp-json\/wp\/v2\/users\/1"}],"replies":[{"embeddable":true,"href":"https:\/\/myschool.ch\/index.php\/wp-json\/wp\/v2\/comments?post=649"}],"version-history":[{"count":23,"href":"https:\/\/myschool.ch\/index.php\/wp-json\/wp\/v2\/pages\/649\/revisions"}],"predecessor-version":[{"id":1147,"href":"https:\/\/myschool.ch\/index.php\/wp-json\/wp\/v2\/pages\/649\/revisions\/1147"}],"wp:attachment":[{"href":"https:\/\/myschool.ch\/index.php\/wp-json\/wp\/v2\/media?parent=649"}],"curies":[{"name":"wp","href":"https:\/\/api.w.org\/{rel}","templated":true}]}}