{"id":645,"date":"2026-02-02T20:56:23","date_gmt":"2026-02-02T20:56:23","guid":{"rendered":"https:\/\/myschool.ch\/?page_id=645"},"modified":"2026-04-09T03:29:46","modified_gmt":"2026-04-09T03:29:46","slug":"finanzen","status":"publish","type":"page","link":"https:\/\/myschool.ch\/index.php\/finanzen\/","title":{"rendered":"Finanzen"},"content":{"rendered":"<div class=\"wpb-content-wrapper\">[vc_row][vc_column][vc_column_text css=&#8221;&#8221;]\n<h6>Angebot<\/h6>\n<p>Im Bereich Finanzen unterst\u00fctzt SLC ihre Kunden umfassend bei der F\u00fchrung des Rechnungswesens sowie bei der Einf\u00fchrung von Betriebsabrechnungen und Kennzahlensystemen. Dazu geh\u00f6ren Controlling, Monatsreporting sowie fundierte Make-or-Buy-Analysen zur gezielten Steuerung des Unternehmens. SLC begleitet Unternehmen bei der Umsetzung betriebswirtschaftlicher F\u00fchrungsprinzipien \u2013 von der Zieldefinition \u00fcber Budgetierung und Reporting bis zur Ableitung wirksamer Massnahmen.<br \/>\nDar\u00fcber hinaus erstellt SLC Jahresabschl\u00fcsse nach OR und Swiss GAAP FER, \u00fcbernimmt Konsolidierungen und ber\u00e4t in steuerlichen Fragestellungen. Weitere Leistungen umfassen die Liquidit\u00e4tsplanung, Finanzierung, Investitionsrechnungen sowie die Unterst\u00fctzung bei Bilanzsanierungen und Restrukturierungen. Bei Kauf, Verkauf und Integration von Unternehmen begleitet SLC den gesamten Prozess, inklusive Due-Diligence-Pr\u00fcfungen, und sorgt so f\u00fcr finanzielle Transparenz und nachhaltige Entscheidungsgrundlagen.<\/p>\n<p>&nbsp;<\/p>\n<h6><a href=\"https:\/\/myschool.ch\/index.php\/maerkte\/\">Zielgruppen<\/a><\/h6>\n<p>&nbsp;<\/p>\n<h6><a href=\"https:\/\/myschool.ch\/index.php\/kunden\/\">Referenzen<\/a><\/h6>\n<p>Danzas, DHL<br \/>\nWoodlog AG, Bremgarten<br \/>\nCarhartt \/ Work in Progress Textilhandels GmbH<br \/>\nFossil Group Europe GmbH<br \/>\nValora<\/p>\n<p>&nbsp;<\/p>\n<h6>Zust\u00e4ndige Personen<\/h6>\n[\/vc_column_text][vc_empty_space height=&#8221;24px&#8221;][\/vc_column][\/vc_row][vc_row][vc_column width=&#8221;1\/6&#8243;][vc_single_image image=&#8221;1128&#8243; alignment=&#8221;center&#8221; onclick=&#8221;custom_link&#8221; css=&#8221;&#8221; link=&#8221;https:\/\/myschool.ch\/index.php\/christian-merkel\/&#8221;][vc_column_text css=&#8221;&#8221;]\n<p style=\"text-align: center;\"><a href=\"https:\/\/myschool.ch\/index.php\/christian-merkel\/\">Christian Merkel<\/a><\/p>\n[\/vc_column_text][\/vc_column][vc_column width=&#8221;1\/6&#8243;][vc_single_image image=&#8221;1134&#8243; alignment=&#8221;center&#8221; onclick=&#8221;custom_link&#8221; css=&#8221;&#8221; link=&#8221;https:\/\/myschool.ch\/index.php\/werner-hagist\/&#8221;][vc_column_text css=&#8221;&#8221;]\n<p style=\"text-align: center;\"><a href=\"https:\/\/myschool.ch\/index.php\/werner-hagist\/\">Werner Hagist<\/a><\/p>\n[\/vc_column_text][\/vc_column][vc_column width=&#8221;1\/6&#8243;][\/vc_column][vc_column width=&#8221;1\/6&#8243;][\/vc_column][vc_column width=&#8221;1\/6&#8243;][\/vc_column][vc_column width=&#8221;1\/6&#8243;][\/vc_column][\/vc_row]\n<\/div>","protected":false},"excerpt":{"rendered":"<p>[vc_row][vc_column][vc_column_text css=&#8221;&#8221;] Angebot Im Bereich Finanzen unterst\u00fctzt SLC ihre Kunden umfassend bei der F\u00fchrung des Rechnungswesens sowie bei der Einf\u00fchrung von Betriebsabrechnungen und Kennzahlensystemen. Dazu&#8230;<\/p>\n","protected":false},"author":1,"featured_media":0,"parent":0,"menu_order":0,"comment_status":"closed","ping_status":"closed","template":"","meta":{"footnotes":"","_links_to":"","_links_to_target":""},"class_list":["post-645","page","type-page","status-publish","hentry"],"_links":{"self":[{"href":"https:\/\/myschool.ch\/index.php\/wp-json\/wp\/v2\/pages\/645","targetHints":{"allow":["GET"]}}],"collection":[{"href":"https:\/\/myschool.ch\/index.php\/wp-json\/wp\/v2\/pages"}],"about":[{"href":"https:\/\/myschool.ch\/index.php\/wp-json\/wp\/v2\/types\/page"}],"author":[{"embeddable":true,"href":"https:\/\/myschool.ch\/index.php\/wp-json\/wp\/v2\/users\/1"}],"replies":[{"embeddable":true,"href":"https:\/\/myschool.ch\/index.php\/wp-json\/wp\/v2\/comments?post=645"}],"version-history":[{"count":11,"href":"https:\/\/myschool.ch\/index.php\/wp-json\/wp\/v2\/pages\/645\/revisions"}],"predecessor-version":[{"id":1139,"href":"https:\/\/myschool.ch\/index.php\/wp-json\/wp\/v2\/pages\/645\/revisions\/1139"}],"wp:attachment":[{"href":"https:\/\/myschool.ch\/index.php\/wp-json\/wp\/v2\/media?parent=645"}],"curies":[{"name":"wp","href":"https:\/\/api.w.org\/{rel}","templated":true}]}}