{"id":643,"date":"2026-02-02T20:54:57","date_gmt":"2026-02-02T20:54:57","guid":{"rendered":"https:\/\/myschool.ch\/?page_id=643"},"modified":"2026-04-09T03:34:09","modified_gmt":"2026-04-09T03:34:09","slug":"logistik-coach","status":"publish","type":"page","link":"https:\/\/myschool.ch\/index.php\/logistik-coach\/","title":{"rendered":"Logistik Coach"},"content":{"rendered":"<div class=\"wpb-content-wrapper\">[vc_row][vc_column][vc_column_text css=&#8221;&#8221;]\n<h6>Angebot<\/h6>\n<p>SLC unterst\u00fctzt Unternehmen gezielt bei der Analyse, Weiterentwicklung und Optimierung ihrer Logistik. In einer Standortbestimmung \u00fcber drei bis vier Tage wird der Ist-Zustand erfasst und aus einer neutralen Aussensicht beurteilt. Darauf aufbauend entwickelt SLC ein Soll-Konzept mit einem angemessenen Servicelevel sowie konkreten und praxisnahen Umsetzungsvorschl\u00e4gen.<\/p>\n<p>Die Umsetzung wird auf Wunsch durch SLC bedarfsgerecht begleitet. Dazu geh\u00f6ren die Unterst\u00fctzung und Betreuung der Einf\u00fchrung, Schulungen sowie die Standardisierung von Prozessen. Durch gezielte Prozessoptimierungen werden Kosten reduziert, relevante KPIs definiert und mittels Controlling und Reporting die Zielerreichung \u00fcberpr\u00fcft. Erg\u00e4nzend ber\u00e4t SLC zu Eignung, Vor- und Nachteilen von Lagerverwaltungssystemen und st\u00e4rkt gezielt die Logistik-Kompetenz von Inhabern, Gesch\u00e4ftsleitung und Logistik-Teams \u2013 f\u00fcr nachhaltige Leistungsf\u00e4higkeit und messbaren Erfolg<\/p>\n<p>&nbsp;<\/p>\n<h6><a href=\"https:\/\/myschool.ch\/index.php\/maerkte\/\">Zielgruppen<\/a><\/h6>\n<p>Handels-, Produktions-, Logistik- oder Transportfirmen<\/p>\n<p>&nbsp;<\/p>\n<h6><a href=\"https:\/\/myschool.ch\/index.php\/kunden\/\">Referenzen<\/a><\/h6>\n<p>Danzas, DHL<br \/>\nWoodlog AG, Bremgarten<br \/>\nMurpf AG, H\u00e4gendorf<br \/>\nWeitnauer Group<\/p>\n<p>&nbsp;<\/p>\n<h6>Zust\u00e4ndige Personen<\/h6>\n[\/vc_column_text][vc_empty_space height=&#8221;24px&#8221;][\/vc_column][\/vc_row][vc_row][vc_column width=&#8221;1\/6&#8243;][vc_single_image image=&#8221;1134&#8243; alignment=&#8221;center&#8221; onclick=&#8221;custom_link&#8221; css=&#8221;&#8221; link=&#8221;https:\/\/myschool.ch\/index.php\/werner-hagist\/&#8221;][vc_column_text css=&#8221;&#8221;]\n<p style=\"text-align: center;\"><a href=\"https:\/\/myschool.ch\/index.php\/werner-hagist\/\">Werner Hagist<\/a><\/p>\n[\/vc_column_text][\/vc_column][vc_column width=&#8221;1\/6&#8243;][vc_single_image image=&#8221;1128&#8243; alignment=&#8221;center&#8221; onclick=&#8221;custom_link&#8221; css=&#8221;&#8221; link=&#8221;https:\/\/myschool.ch\/index.php\/christian-merkel\/&#8221;][vc_column_text css=&#8221;&#8221;]\n<p style=\"text-align: center;\"><a href=\"https:\/\/myschool.ch\/index.php\/christian-merkel\/\">Christian Merkel<\/a><\/p>\n[\/vc_column_text][\/vc_column][vc_column width=&#8221;1\/6&#8243;][\/vc_column][vc_column width=&#8221;1\/6&#8243;][\/vc_column][vc_column width=&#8221;1\/6&#8243;][\/vc_column][vc_column width=&#8221;1\/6&#8243;][\/vc_column][\/vc_row]\n<\/div>","protected":false},"excerpt":{"rendered":"<p>[vc_row][vc_column][vc_column_text css=&#8221;&#8221;] Angebot SLC unterst\u00fctzt Unternehmen gezielt bei der Analyse, Weiterentwicklung und Optimierung ihrer Logistik. In einer Standortbestimmung \u00fcber drei bis vier Tage wird der&#8230;<\/p>\n","protected":false},"author":1,"featured_media":0,"parent":0,"menu_order":0,"comment_status":"closed","ping_status":"closed","template":"","meta":{"footnotes":"","_links_to":"","_links_to_target":""},"class_list":["post-643","page","type-page","status-publish","hentry"],"_links":{"self":[{"href":"https:\/\/myschool.ch\/index.php\/wp-json\/wp\/v2\/pages\/643","targetHints":{"allow":["GET"]}}],"collection":[{"href":"https:\/\/myschool.ch\/index.php\/wp-json\/wp\/v2\/pages"}],"about":[{"href":"https:\/\/myschool.ch\/index.php\/wp-json\/wp\/v2\/types\/page"}],"author":[{"embeddable":true,"href":"https:\/\/myschool.ch\/index.php\/wp-json\/wp\/v2\/users\/1"}],"replies":[{"embeddable":true,"href":"https:\/\/myschool.ch\/index.php\/wp-json\/wp\/v2\/comments?post=643"}],"version-history":[{"count":10,"href":"https:\/\/myschool.ch\/index.php\/wp-json\/wp\/v2\/pages\/643\/revisions"}],"predecessor-version":[{"id":728,"href":"https:\/\/myschool.ch\/index.php\/wp-json\/wp\/v2\/pages\/643\/revisions\/728"}],"wp:attachment":[{"href":"https:\/\/myschool.ch\/index.php\/wp-json\/wp\/v2\/media?parent=643"}],"curies":[{"name":"wp","href":"https:\/\/api.w.org\/{rel}","templated":true}]}}